{"id":9,"date":"2012-01-03T15:12:54","date_gmt":"2012-01-03T15:12:54","guid":{"rendered":"http:\/\/localhost\/modernize\/?page_id=4"},"modified":"2016-12-06T16:59:46","modified_gmt":"2016-12-06T16:59:46","slug":"main","status":"publish","type":"page","link":"https:\/\/endorphinfilm.com\/","title":{"rendered":"Erkl\u00e4rfilm D\u00fcsseldorf"},"content":{"rendered":"<p>Wir erkl\u00e4ren Komplexes einfach mit einem Erkl\u00e4rfilm D\u00fcsseldorf. Hochwertig und individuell. <\/p>\n<p>Wir begleiten viele bekannte Unternehmen auf ihrem Weg in die digitale Transformation und helfen, den Wandel mit Erkl\u00e4rvideos und Tutorials zu kommunizieren. Wir erz\u00e4hlen Geschichten auf allen digitalen Kan\u00e4len und kreieren Content, der in Erinnerung bleibt. Informativ und unterhaltsam.<\/p>\n<p>Wir beraten immer mehr bekannte Unternehmen bez\u00fcglich Video Strategie, entwickeln Formate, Design-Grundlagen und Video-Styleguides. Wir helfen unseren Kunden auf YouTube, Facebook oder Twitter Video-Content erfolgreich einzusetzen. Profitieren Sie von bald 10 Jahren Erfahrung im Online-Video-Markt.<\/p>\n<p>Im Fokus stehen bei uns die Zielgruppe und messbare Erfolge. Gemeinsam mit unseren Kunden schaffen wir einzigartige visuelle Welten. Video Content Marketing hei\u00dft f\u00fcr uns agil testen und innovative Formate entwickeln. Wir gehen individuell auf die Kundenw\u00fcnsche und Markenwelten ein.<\/p>\n","protected":false},"excerpt":{"rendered":"<p>Wir erkl\u00e4ren Komplexes einfach mit einem Erkl\u00e4rfilm D\u00fcsseldorf. Hochwertig und individuell. Wir begleiten viele bekannte Unternehmen auf ihrem Weg in die digitale Transformation und helfen, den Wandel mit Erkl\u00e4rvideos und Tutorials zu kommunizieren. Wir erz\u00e4hlen Geschichten auf allen digitalen Kan\u00e4len und kreieren Content, der in Erinnerung bleibt. Informativ und unterhaltsam. Wir beraten immer mehr bekannte Unternehmen bez\u00fcglich Video Strategie, entwickeln Formate, Design-Grundlagen und Video-Styleguides. Wir helfen unseren Kunden auf YouTube, Facebook oder Twitter Video-Content erfolgreich einzusetzen. Profitieren Sie von bald 10 Jahren Erfahrung im Online-Video-Markt. Im Fokus stehen bei uns die Zielgruppe und messbare Erfolge. Gemeinsam mit unseren Kunden schaffen wir einzigartige visuelle Welten. Video Content Marketing hei\u00dft f\u00fcr uns agil testen und innovative Formate entwickeln. Wir gehen individuell auf die Kundenw\u00fcnsche und Markenwelten ein.<\/p>\n","protected":false},"author":1,"featured_media":0,"parent":0,"menu_order":0,"comment_status":"closed","ping_status":"closed","template":"","meta":{"footnotes":""},"class_list":["post-9","page","type-page","status-publish","hentry"],"_links":{"self":[{"href":"https:\/\/endorphinfilm.com\/index.php?rest_route=\/wp\/v2\/pages\/9","targetHints":{"allow":["GET"]}}],"collection":[{"href":"https:\/\/endorphinfilm.com\/index.php?rest_route=\/wp\/v2\/pages"}],"about":[{"href":"https:\/\/endorphinfilm.com\/index.php?rest_route=\/wp\/v2\/types\/page"}],"author":[{"embeddable":true,"href":"https:\/\/endorphinfilm.com\/index.php?rest_route=\/wp\/v2\/users\/1"}],"replies":[{"embeddable":true,"href":"https:\/\/endorphinfilm.com\/index.php?rest_route=%2Fwp%2Fv2%2Fcomments&post=9"}],"version-history":[{"count":5,"href":"https:\/\/endorphinfilm.com\/index.php?rest_route=\/wp\/v2\/pages\/9\/revisions"}],"predecessor-version":[{"id":4270,"href":"https:\/\/endorphinfilm.com\/index.php?rest_route=\/wp\/v2\/pages\/9\/revisions\/4270"}],"wp:attachment":[{"href":"https:\/\/endorphinfilm.com\/index.php?rest_route=%2Fwp%2Fv2%2Fmedia&parent=9"}],"curies":[{"name":"wp","href":"https:\/\/api.w.org\/{rel}","templated":true}]}}